{"id":119,"date":"2017-11-27T09:53:33","date_gmt":"2017-11-27T09:53:33","guid":{"rendered":"https:\/\/www.gabrielwenger.ch\/?page_id=119"},"modified":"2019-07-23T15:18:56","modified_gmt":"2019-07-23T15:18:56","slug":"unterricht","status":"publish","type":"page","link":"https:\/\/www.gabrielwenger.ch\/?page_id=119","title":{"rendered":"Unterricht"},"content":{"rendered":"<p><img loading=\"lazy\" decoding=\"async\" src=\"http:\/\/www.gabrielwenger.ch\/wp-content\/uploads\/2017\/11\/logo-300x144.png\" alt=\"\" width=\"300\" height=\"144\" class=\"alignnone size-medium wp-image-179\" srcset=\"https:\/\/www.gabrielwenger.ch\/wp-content\/uploads\/2017\/11\/logo-300x144.png 300w, https:\/\/www.gabrielwenger.ch\/wp-content\/uploads\/2017\/11\/logo.png 372w\" sizes=\"(max-width: 300px) 100vw, 300px\" \/><\/p>\n<p><a href=\"https:\/\/www.musik-im-dach.ch\">Musik im Dach<\/a><\/p>\n<p>&#8222;Musik im Dach ist eine etwas andere Musikschule mitten in Bern. Wir bieten eine kreative Umgebung, in der du dich mit allem, was mit Musik zu tun hat, besch\u00e4ftigen kannst. Wir bieten Konzerte, Improvisations- und Kompositionswerkst\u00e4tten f\u00fcr alle, Einzel- , Simultan-, und Gruppenunterricht mit Inhalten und Projekten, die zusammen mit dir entworfen werden, an. Unterrichtsformen werden mit dir besprochen und individuell festgelegt. Alle Instrumente sind willkommen!&#8220;<\/p>\n","protected":false},"excerpt":{"rendered":"<p>Musik im Dach &#8222;Musik im Dach ist eine etwas andere Musikschule mitten in Bern. Wir bieten eine kreative Umgebung, in der du dich mit allem, was mit Musik zu tun hat, besch\u00e4ftigen kannst. Wir bieten Konzerte, Improvisations- und Kompositionswerkst\u00e4tten f\u00fcr alle, Einzel- , Simultan-, und Gruppenunterricht mit Inhalten und Projekten, die zusammen mit dir entworfen &hellip; <\/p>\n<p class=\"link-more\"><a href=\"https:\/\/www.gabrielwenger.ch\/?page_id=119\" class=\"more-link\"><span class=\"screen-reader-text\">\u201eUnterricht\u201c<\/span> weiterlesen<\/a><\/p>\n","protected":false},"author":1,"featured_media":0,"parent":0,"menu_order":0,"comment_status":"closed","ping_status":"closed","template":"","meta":{"footnotes":""},"_links":{"self":[{"href":"https:\/\/www.gabrielwenger.ch\/index.php?rest_route=\/wp\/v2\/pages\/119"}],"collection":[{"href":"https:\/\/www.gabrielwenger.ch\/index.php?rest_route=\/wp\/v2\/pages"}],"about":[{"href":"https:\/\/www.gabrielwenger.ch\/index.php?rest_route=\/wp\/v2\/types\/page"}],"author":[{"embeddable":true,"href":"https:\/\/www.gabrielwenger.ch\/index.php?rest_route=\/wp\/v2\/users\/1"}],"replies":[{"embeddable":true,"href":"https:\/\/www.gabrielwenger.ch\/index.php?rest_route=%2Fwp%2Fv2%2Fcomments&post=119"}],"version-history":[{"count":7,"href":"https:\/\/www.gabrielwenger.ch\/index.php?rest_route=\/wp\/v2\/pages\/119\/revisions"}],"predecessor-version":[{"id":181,"href":"https:\/\/www.gabrielwenger.ch\/index.php?rest_route=\/wp\/v2\/pages\/119\/revisions\/181"}],"wp:attachment":[{"href":"https:\/\/www.gabrielwenger.ch\/index.php?rest_route=%2Fwp%2Fv2%2Fmedia&parent=119"}],"curies":[{"name":"wp","href":"https:\/\/api.w.org\/{rel}","templated":true}]}}